{"id":160,"date":"2023-01-23T14:36:06","date_gmt":"2023-01-23T13:36:06","guid":{"rendered":"https:\/\/www.udruga-institut.hr\/mehanizam\/?page_id=160"},"modified":"2023-01-24T16:09:59","modified_gmt":"2023-01-24T15:09:59","slug":"o-projektu","status":"publish","type":"page","link":"https:\/\/www.udruga-institut.hr\/mehanizam\/o-projektu\/","title":{"rendered":"O Projektu"},"content":{"rendered":"<p><\/p>\n<!--themify_builder_content-->\n<div id=\"themify_builder_content-160\" data-postid=\"160\" class=\"themify_builder_content themify_builder_content-160 themify_builder tf_clear\">\n    \t\t\t<!-- module_row -->\n\t<div  data-lazy=\"1\" class=\"module_row themify_builder_row animated-bg tb_zk2s514 tb_first tf_w tf_clearfix\">\n\t    \t\t\t<div class=\"row_inner col_align_top tb_col_count_1 tf_box tf_rel\">\n\t\t            <div  data-lazy=\"1\" class=\"module_column tb-column col-full tb_n0wf519 first\">\n                                                        <div class=\"tb-column-inner tf_box tf_w\">\n                        <!-- module image -->\n<div  class=\"module module-image tb_17oi957   image-center tf_mw\" data-lazy=\"1\">\n        <div class=\"image-wrap tf_rel tf_mw\">\n\t\t    <img loading=\"lazy\" decoding=\"async\" src=\"https:\/\/www.udruga-institut.hr\/mehanizam\/wp-content\/uploads\/2023\/01\/MEHANIZAM-FULL-COLOR_BLOCK-1024x1024-300x300.png\" width=\"300\" height=\"300\" class=\"wp-post-image wp-image-156\" title=\"MEHANIZAM STRUKTURIRANOG DIJALOGA\" alt=\"MEHANIZAM STRUKTURIRANOG DIJALOGA\" srcset=\"https:\/\/www.udruga-institut.hr\/mehanizam\/wp-content\/uploads\/2023\/01\/MEHANIZAM-FULL-COLOR_BLOCK-1024x1024-300x300.png 300w, https:\/\/www.udruga-institut.hr\/mehanizam\/wp-content\/uploads\/2023\/01\/MEHANIZAM-FULL-COLOR_BLOCK-1024x1024.png 1024w, https:\/\/www.udruga-institut.hr\/mehanizam\/wp-content\/uploads\/2023\/01\/MEHANIZAM-FULL-COLOR_BLOCK-150x150.png 150w, https:\/\/www.udruga-institut.hr\/mehanizam\/wp-content\/uploads\/2023\/01\/MEHANIZAM-FULL-COLOR_BLOCK-768x768.png 768w, https:\/\/www.udruga-institut.hr\/mehanizam\/wp-content\/uploads\/2023\/01\/MEHANIZAM-FULL-COLOR_BLOCK.png 1200w\" sizes=\"auto, (max-width: 300px) 100vw, 300px\" \/>\t\n\t\t<\/div>\n\t<!-- \/image-wrap -->\n    \n    \t<\/div>\n<!-- \/module image --><!-- module text -->\n<div  class=\"module module-text tb_vvu4520    wow\" data-tf-animation=\"fadeInUp\" data-lazy=\"1\">\n        <div  class=\"tb_text_wrap\">\n    <h2 style=\"text-align: center;\">MEHANIZAM STRUKTURIRANOG DIJALOGA<\/h2>\n<h3 style=\"text-align: center;\">osna\u017eivanje OCD-ova na podru\u010dju Istarske \u017eupanije<\/h3>\n<p>Projekt \u201cMehanizam strukturiranog dijaloga \u2013 osna\u017eivanje OCD-ova na podru\u010dju Istarske \u017eupanije\u201d fokusiran je na ja\u010danje kapaciteta udruga na podru\u010dju Istarske \u017eupanije za provedbu aktivnosti prilago\u0111enih lokalnim problemima i za neposredan rad na podru\u010djima: zapo\u0161ljavanje i socijalno uklju\u010divanje na lokalnoj razini, te za pru\u017eanje u\u010dinkovitog odgovora na potrebe lokalne zajednice u kriznim situacijama. Partnersko djelovanje, strukturirani menad\u017ement volontera i inovativni alati doprinijet \u0107e odr\u017eivosti inicijativa i kontinuiranoj podr\u0161ci za zajednicu.<\/p>\n<p>Partneri: Udruga \u010carobnjakov \u0161e\u0161ir<\/p>\n<p>Trajanje projekta: 23.06.2022.-23.06.2023. (12 mjeseca)<\/p>\n<p>Operativni program: U\u010dinkoviti ljudski potencijali 2014. \u2013 2020.<\/p>\n<p>U okviru Poziva za dodjelu bespovratnih sredstava \u201eJa\u010danje kapaciteta OCD-a za odgovaranje na potrebe lokalne zajednice\u201c financiran iz Europskog socijalnog fonda u financijskom razdoblju 2014.-2020. Broj poziva: UP.04.2.1.11. Projekt se financira iz Dr\u017eavnog prora\u010duna Republike Hrvatske (15%) i iz Europskog socijalnog fonda (85%).<\/p>    <\/div>\n<\/div>\n<!-- \/module text -->                    <\/div>\n                            <\/div>\n            \t    <\/div>\n\t    <!-- \/row_inner -->\n\t<\/div>\n\t<!-- \/module_row -->\n\t\t\t\t<!-- module_row -->\n\t<div  data-lazy=\"1\" class=\"module_row themify_builder_row tb_zfzj514 tf_w tf_clearfix\">\n\t    \t\t\t<div class=\"row_inner col_align_top tb_col_count_2 tf_box tf_rel\">\n\t\t            <div  data-lazy=\"1\" class=\"module_column tb-column col4-2 tb_weuc524 first\">\n                                                        <div class=\"tb-column-inner tf_box tf_w\">\n                        <!-- module image -->\n<div  class=\"module module-image tb_9qmx514   image-center tf_mw wow\" data-tf-animation=\"slideInLeft\" data-lazy=\"1\">\n        <div class=\"image-wrap tf_rel tf_mw\">\n\t\t    <a href=\"https:\/\/www.udruga-institut.hr\/\"\n\t        rel=\"noopener\" target=\"_blank\"\t       >\n\t\t   \t\t<img loading=\"lazy\" decoding=\"async\" width=\"260\" height=\"112\" src=\"https:\/\/www.udruga-institut.hr\/mehanizam\/wp-content\/uploads\/2023\/01\/logo-udruga-institut.png\" class=\"wp-post-image wp-image-167\" title=\"logo-udruga-institut\" alt=\"logo-udruga-institut\">\t    <\/a>\n\t\n\t\t<\/div>\n\t<!-- \/image-wrap -->\n    \n    \t<\/div>\n<!-- \/module image -->                    <\/div>\n                            <\/div>\n                        <div  data-lazy=\"1\" class=\"module_column tb-column col4-2 tb_g6oj525 last\">\n                                                        <div class=\"tb-column-inner tf_box tf_w\">\n                        <!-- module image -->\n<div  class=\"module module-image tb_dp6a635   image-center tf_mw wow\" data-tf-animation=\"slideInRight\" data-lazy=\"1\">\n        <div class=\"image-wrap tf_rel tf_mw\">\n\t\t    <a href=\"https:\/\/www.carobnjakovsesir.com\/\"\n\t        rel=\"noopener\" target=\"_blank\"\t       >\n\t\t   \t\t<img loading=\"lazy\" decoding=\"async\" width=\"240\" height=\"120\" src=\"https:\/\/www.udruga-institut.hr\/mehanizam\/wp-content\/uploads\/2023\/01\/carobnjakov-sesir.png\" class=\"wp-post-image wp-image-166\" title=\"carobnjakov-sesir\" alt=\"carobnjakov-sesir\">\t    <\/a>\n\t\n\t\t<\/div>\n\t<!-- \/image-wrap -->\n    \n    \t<\/div>\n<!-- \/module image -->                    <\/div>\n                            <\/div>\n            \t    <\/div>\n\t    <!-- \/row_inner -->\n\t<\/div>\n\t<!-- \/module_row -->\n\t<\/div>\n<!--\/themify_builder_content-->","protected":false},"excerpt":{"rendered":"<p>MEHANIZAM STRUKTURIRANOG DIJALOGA osna\u017eivanje OCD-ova na podru\u010dju Istarske \u017eupanije Projekt \u201cMehanizam strukturiranog dijaloga \u2013 osna\u017eivanje OCD-ova na podru\u010dju Istarske \u017eupanije\u201d fokusiran je na ja\u010danje kapaciteta udruga na podru\u010dju Istarske \u017eupanije za provedbu aktivnosti prilago\u0111enih lokalnim problemima i za neposredan rad na podru\u010djima: zapo\u0161ljavanje i socijalno uklju\u010divanje na lokalnoj razini, te za pru\u017eanje u\u010dinkovitog odgovora na [&hellip;]<\/p>\n","protected":false},"author":1,"featured_media":0,"parent":0,"menu_order":1,"comment_status":"closed","ping_status":"closed","template":"","meta":{"footnotes":""},"class_list":["post-160","page","type-page","status-publish","hentry","has-post-title","has-post-date","has-post-category","has-post-tag","has-post-comment","has-post-author",""],"builder_content":"<img src=\"https:\/\/www.udruga-institut.hr\/mehanizam\/wp-content\/uploads\/2023\/01\/MEHANIZAM-FULL-COLOR_BLOCK-1024x1024-300x300.png\" width=\"300\" height=\"300\" title=\"MEHANIZAM STRUKTURIRANOG DIJALOGA\" alt=\"MEHANIZAM STRUKTURIRANOG DIJALOGA\" srcset=\"https:\/\/www.udruga-institut.hr\/mehanizam\/wp-content\/uploads\/2023\/01\/MEHANIZAM-FULL-COLOR_BLOCK-1024x1024-300x300.png 300w, https:\/\/www.udruga-institut.hr\/mehanizam\/wp-content\/uploads\/2023\/01\/MEHANIZAM-FULL-COLOR_BLOCK-1024x1024.png 1024w, https:\/\/www.udruga-institut.hr\/mehanizam\/wp-content\/uploads\/2023\/01\/MEHANIZAM-FULL-COLOR_BLOCK-150x150.png 150w, https:\/\/www.udruga-institut.hr\/mehanizam\/wp-content\/uploads\/2023\/01\/MEHANIZAM-FULL-COLOR_BLOCK-768x768.png 768w, https:\/\/www.udruga-institut.hr\/mehanizam\/wp-content\/uploads\/2023\/01\/MEHANIZAM-FULL-COLOR_BLOCK.png 1200w\" sizes=\"(max-width: 300px) 100vw, 300px\" \/>\n<h2 style=\"text-align: center;\">MEHANIZAM STRUKTURIRANOG DIJALOGA<\/h2> <h3 style=\"text-align: center;\">osna\u017eivanje OCD-ova na podru\u010dju Istarske \u017eupanije<\/h3> <p>Projekt \u201cMehanizam strukturiranog dijaloga \u2013 osna\u017eivanje OCD-ova na podru\u010dju Istarske \u017eupanije\u201d fokusiran je na ja\u010danje kapaciteta udruga na podru\u010dju Istarske \u017eupanije za provedbu aktivnosti prilago\u0111enih lokalnim problemima i za neposredan rad na podru\u010djima: zapo\u0161ljavanje i socijalno uklju\u010divanje na lokalnoj razini, te za pru\u017eanje u\u010dinkovitog odgovora na potrebe lokalne zajednice u kriznim situacijama. Partnersko djelovanje, strukturirani menad\u017ement volontera i inovativni alati doprinijet \u0107e odr\u017eivosti inicijativa i kontinuiranoj podr\u0161ci za zajednicu.<\/p> <p>Partneri: Udruga \u010carobnjakov \u0161e\u0161ir<\/p> <p>Trajanje projekta: 23.06.2022.-23.06.2023. (12 mjeseca)<\/p> <p>Operativni program: U\u010dinkoviti ljudski potencijali 2014. \u2013 2020.<\/p> <p>U okviru Poziva za dodjelu bespovratnih sredstava \u201eJa\u010danje kapaciteta OCD-a za odgovaranje na potrebe lokalne zajednice\u201c financiran iz Europskog socijalnog fonda u financijskom razdoblju 2014.-2020. Broj poziva: UP.04.2.1.11. Projekt se financira iz Dr\u017eavnog prora\u010duna Republike Hrvatske (15%) i iz Europskog socijalnog fonda (85%).<\/p>\n<a href=\"https:\/\/www.udruga-institut.hr\/\" rel=\"noopener\" target=\"_blank\" > <img src=\"https:\/\/www.udruga-institut.hr\/mehanizam\/wp-content\/uploads\/2023\/01\/logo-udruga-institut.png\" title=\"logo-udruga-institut\" alt=\"logo-udruga-institut\"> <\/a>\n<a href=\"https:\/\/www.carobnjakovsesir.com\/\" rel=\"noopener\" target=\"_blank\" > <img src=\"https:\/\/www.udruga-institut.hr\/mehanizam\/wp-content\/uploads\/2023\/01\/carobnjakov-sesir.png\" title=\"carobnjakov-sesir\" alt=\"carobnjakov-sesir\"> <\/a>","_links":{"self":[{"href":"https:\/\/www.udruga-institut.hr\/mehanizam\/wp-json\/wp\/v2\/pages\/160","targetHints":{"allow":["GET"]}}],"collection":[{"href":"https:\/\/www.udruga-institut.hr\/mehanizam\/wp-json\/wp\/v2\/pages"}],"about":[{"href":"https:\/\/www.udruga-institut.hr\/mehanizam\/wp-json\/wp\/v2\/types\/page"}],"author":[{"embeddable":true,"href":"https:\/\/www.udruga-institut.hr\/mehanizam\/wp-json\/wp\/v2\/users\/1"}],"replies":[{"embeddable":true,"href":"https:\/\/www.udruga-institut.hr\/mehanizam\/wp-json\/wp\/v2\/comments?post=160"}],"version-history":[{"count":9,"href":"https:\/\/www.udruga-institut.hr\/mehanizam\/wp-json\/wp\/v2\/pages\/160\/revisions"}],"predecessor-version":[{"id":184,"href":"https:\/\/www.udruga-institut.hr\/mehanizam\/wp-json\/wp\/v2\/pages\/160\/revisions\/184"}],"wp:attachment":[{"href":"https:\/\/www.udruga-institut.hr\/mehanizam\/wp-json\/wp\/v2\/media?parent=160"}],"curies":[{"name":"wp","href":"https:\/\/api.w.org\/{rel}","templated":true}]}}